{"id":12,"date":"2010-02-06T21:12:11","date_gmt":"2010-02-06T19:12:11","guid":{"rendered":"http:\/\/vukk.lt\/?page_id=12"},"modified":"2025-09-11T10:20:31","modified_gmt":"2025-09-11T08:20:31","slug":"tvarkarastis","status":"publish","type":"page","link":"https:\/\/vukk.lt\/?page_id=12","title":{"rendered":"Treniruot\u0117s"},"content":{"rendered":"\n<div><strong>Treniruo\u010di\u0173 grafikas:<\/strong><\/div>\n\n\n\n<ul>\n<li><strong>\u0160e\u0161tadieniais 09:00 &#8211; 11:00, vieta &#8211; VU SSC, Saul\u0117tekio al\u0117ja&nbsp;2<\/strong><\/li>\n\n\n\n<li><strong>Tre\u010diadieniais 19:30 &#8211; 21:00, viet &#8211; Vilniaus Gedimino Technikos universiteto ma\u017eoji sal\u0117, Saul\u0117tekio al\u0117ja 29<\/strong><\/li>\n\n\n\n<li><strong>Papildomos treniruot\u0117s laikas dar tikslinamas&#8230;<\/strong><\/li>\n<\/ul>\n\n\n\n<p>Renkam\u0117s 15 min. iki treniruot\u0117s prad\u017eios.<\/p>\n\n\n\n<p>Treniruo\u010di\u0173 kainos:<br>1 treniruot\u0117 &#8211;&nbsp;5 Eur<br>VU studentams &#8211; 3 Eur<\/p>\n\n\n\n<p>Lankant reguliariai, VUKK nariams:<br>1 treniruot\u0117 per savait\u0119 &#8211; 20 Eur\/m\u0117n.<br>2 treniruot\u0117s per savait\u0119 &#8211; 30 Eur\/m\u0117n.<br>3 treniruot\u0117s per savait\u0119 &#8211; 40 Eur\/m\u0117n.<\/p>\n\n\n\n<p>BOGU&nbsp;&#8211; 5EUR\/m\u0117n<br>Shinai&nbsp;&#8211; 5EUR\/m\u0117n<\/p>\n\n\n\n<p>&#8212;&#8212;&#8212;&#8212;&#8212;&#8212;&#8212;&#8212;&#8212;&#8212;&#8212;&#8212;&#8212;&#8212;&#8212;<\/p>\n\n\n\n<p>Vilnius University&nbsp;kendo club practice schedule:<\/p>\n\n\n\n<ul>\n<li>&nbsp;Wednesday 19:30 &#8211; 21:00 (Saul\u0117tekio av. 28, Vilniaus Gedimino Technikos univesiteto sport hall)<\/li>\n\n\n\n<li>\u00a0Saturdays 9:00 &#8211; 11:00 (Saul\u0117tekio av. 2, Vilnius University Saul\u0117tekio sport center).<\/li>\n\n\n\n<li>Additional practice time is revised&#8230;<\/li>\n<\/ul>\n\n\n\n<p>Meeting 15 min. before the start of the practice.<\/p>\n\n\n\n<p>Prices:<br>1 practice &#8211;&nbsp;5 Eur<br>VU students 1 practice &#8211; 3 Eur<\/p>\n\n\n\n<p>Monthly price, VUKK members:<br>1 practice per week &#8211; 20 Eur\/month.<br>2 practices per week &#8211; 30 Eur\/month.<br>3 practices per week &#8211; 40 Eur\/month.<\/p>\n\n\n\n<p>BOGU&nbsp;&#8211; 5EUR\/month<br>Shinai&nbsp;&#8211; 5EUR\/month<\/p>\n","protected":false},"excerpt":{"rendered":"<p class=\"post-excerpt\">Treniruo\u010di\u0173 grafikas: Renkam\u0117s 15 min. iki treniruot\u0117s prad\u017eios. Treniruo\u010di\u0173 kainos:1 treniruot\u0117 &#8211;&nbsp;5 EurVU studentams &#8211; 3 Eur Lankant reguliariai, VUKK&#8230;<\/p>\n","protected":false},"author":3,"featured_media":0,"parent":0,"menu_order":4,"comment_status":"closed","ping_status":"closed","template":"","meta":{"footnotes":""},"_links":{"self":[{"href":"https:\/\/vukk.lt\/index.php?rest_route=\/wp\/v2\/pages\/12"}],"collection":[{"href":"https:\/\/vukk.lt\/index.php?rest_route=\/wp\/v2\/pages"}],"about":[{"href":"https:\/\/vukk.lt\/index.php?rest_route=\/wp\/v2\/types\/page"}],"author":[{"embeddable":true,"href":"https:\/\/vukk.lt\/index.php?rest_route=\/wp\/v2\/users\/3"}],"replies":[{"embeddable":true,"href":"https:\/\/vukk.lt\/index.php?rest_route=%2Fwp%2Fv2%2Fcomments&post=12"}],"version-history":[{"count":78,"href":"https:\/\/vukk.lt\/index.php?rest_route=\/wp\/v2\/pages\/12\/revisions"}],"predecessor-version":[{"id":1905,"href":"https:\/\/vukk.lt\/index.php?rest_route=\/wp\/v2\/pages\/12\/revisions\/1905"}],"wp:attachment":[{"href":"https:\/\/vukk.lt\/index.php?rest_route=%2Fwp%2Fv2%2Fmedia&parent=12"}],"curies":[{"name":"wp","href":"https:\/\/api.w.org\/{rel}","templated":true}]}}