{"id":44,"date":"2010-02-14T19:22:46","date_gmt":"2010-02-14T17:22:46","guid":{"rendered":"http:\/\/vukk.lt\/?page_id=44"},"modified":"2011-08-28T21:45:23","modified_gmt":"2011-08-28T19:45:23","slug":"vukk","status":"publish","type":"page","link":"https:\/\/vukk.lt\/?page_id=44","title":{"rendered":"VUKK"},"content":{"rendered":"<p>VU kendo klubas<\/p>\n<p>Vilniaus Universiteto kendo klubas \u012fkurtas keleto VU student\u0173, siekian\u010di\u0173 populiarinti kendo disciplin\u0105, kuria susi\u017eav\u0117jo bei iki tol aktyviai praktikavo kelerius metus. Tarptautiniuose seminaruose bei var\u017eybose sutinkant kit\u0173 universitet\u0173 klub\u0173 atstovus kilo id\u0117ja skatinti ir Lietuvos student\u0173 \u012fsitraukim\u0105 \u012f neretam i\u0161 j\u0173 nepa\u017e\u012fstam\u0105, i\u0161 pirmo \u017evilgsnio gal net kiek keist\u0105, japoni\u0161ko kovos meno pasaul\u012f.<\/p>\n<p>Klubas \u012fkurtas 2008 ruden\u012f, pirmieji u\u017esi\u0117mimai prad\u0117ti vesti 2009 pavasar\u012f. Tuomet ir sulaukta pirm\u0173 kendo susidom\u0117jusi\u0173 student\u0173 \u2013 nauj\u0173 klubo nari\u0173. Treniruo\u010di\u0173 dalyvi\u0173 skai\u010dius augo pama\u017eu. \u0160iomis dienomis klubo u\u017esi\u0117mimuose dalyvauja ne vien studentai, \u012fprastai nuo nuo keliolikos iki keliasde\u0161imties kendok\u0173.<\/p>\n<p>Nuo pat \u012fk\u016brimo klubo nariai aktyviai dalyvauja Lietuvos ir u\u017esienio kendo renginiuose, taip garsindami Vilniaus universiteto vard\u0105 ir populiarindami praktikuojam\u0105 japon\u0173 kovos men\u0105.<\/p>\n","protected":false},"excerpt":{"rendered":"<p class=\"post-excerpt\">VU kendo klubas Vilniaus Universiteto kendo klubas \u012fkurtas keleto VU student\u0173, siekian\u010di\u0173 populiarinti kendo disciplin\u0105, kuria susi\u017eav\u0117jo bei iki tol&#8230;<\/p>\n","protected":false},"author":3,"featured_media":0,"parent":0,"menu_order":2,"comment_status":"closed","ping_status":"closed","template":"","meta":{"footnotes":""},"_links":{"self":[{"href":"https:\/\/vukk.lt\/index.php?rest_route=\/wp\/v2\/pages\/44"}],"collection":[{"href":"https:\/\/vukk.lt\/index.php?rest_route=\/wp\/v2\/pages"}],"about":[{"href":"https:\/\/vukk.lt\/index.php?rest_route=\/wp\/v2\/types\/page"}],"author":[{"embeddable":true,"href":"https:\/\/vukk.lt\/index.php?rest_route=\/wp\/v2\/users\/3"}],"replies":[{"embeddable":true,"href":"https:\/\/vukk.lt\/index.php?rest_route=%2Fwp%2Fv2%2Fcomments&post=44"}],"version-history":[{"count":8,"href":"https:\/\/vukk.lt\/index.php?rest_route=\/wp\/v2\/pages\/44\/revisions"}],"predecessor-version":[{"id":47,"href":"https:\/\/vukk.lt\/index.php?rest_route=\/wp\/v2\/pages\/44\/revisions\/47"}],"wp:attachment":[{"href":"https:\/\/vukk.lt\/index.php?rest_route=%2Fwp%2Fv2%2Fmedia&parent=44"}],"curies":[{"name":"wp","href":"https:\/\/api.w.org\/{rel}","templated":true}]}}